{"id":280422,"date":"2025-12-06T17:37:12","date_gmt":"2025-12-06T20:37:12","guid":{"rendered":"https:\/\/losangeles.udec.cl\/?page_id=280422"},"modified":"2026-03-03T12:30:15","modified_gmt":"2026-03-03T15:30:15","slug":"unidad-comunicaciones-y-diseno","status":"publish","type":"page","link":"https:\/\/losangeles.udec.cl\/index.php\/unidad-comunicaciones-y-diseno\/","title":{"rendered":"Comunicaciones y Dise\u00f1o"},"content":{"rendered":"<p>[et_pb_section fb_built=&#8221;1&#8243; fullwidth=&#8221;on&#8221; admin_label=&#8221;Page Header&#8221; _builder_version=&#8221;4.27.5&#8243; background_image=&#8221;https:\/\/losangeles.udec.cl\/wp-content\/uploads\/2025\/12\/fcomunicacion.jpg&#8221; parallax=&#8221;on&#8221; animation_direction=&#8221;top&#8221; locked=&#8221;off&#8221; global_colors_info=&#8221;{}&#8221;][et_pb_fullwidth_header title=&#8221;@ET-DC@eyJkeW5hbWljIjp0cnVlLCJjb250ZW50IjoicG9zdF90aXRsZSIsInNldHRpbmdzIjp7ImJlZm9yZSI6IiIsImFmdGVyIjoiIn19@&#8221; scroll_down_icon_size=&#8221;48px&#8221; admin_label=&#8221;Hero Section&#8221; _builder_version=&#8221;4.27.4&#8243; _dynamic_attributes=&#8221;title&#8221; title_font=&#8221;&#8211;et_global_body_font|600|||||||&#8221; title_font_size=&#8221;36px&#8221; title_line_height=&#8221;1.4em&#8221; content_font_size=&#8221;22px&#8221; content_line_height=&#8221;1.8em&#8221; subhead_font=&#8221;||||&#8221; background_color=&#8221;rgba(255, 255, 255, 0)&#8221; use_background_color_gradient=&#8221;on&#8221; background_color_gradient_stops=&#8221;rgba(44,36,158,0.93) 0%|rgba(73,108,220,0.7) 100%&#8221; background_color_gradient_start=&#8221;rgba(58,52,226,0.93)&#8221; background_color_gradient_end=&#8221;rgba(73,108,220,0.7)&#8221; background_size=&#8221;initial&#8221; background_position=&#8221;top_left&#8221; background_repeat=&#8221;repeat&#8221; button_one_text_size=&#8221;16px&#8221; button_one_bg_color=&#8221;#6eba01&#8243; button_one_border_width=&#8221;2px&#8221; button_one_border_color=&#8221;#6eba01&#8243; button_one_border_radius=&#8221;0&#8243; button_one_letter_spacing=&#8221;2&#8243; button_one_font=&#8221;Montserrat|||on|&#8221; button_one_use_icon=&#8221;off&#8221; button_two_text_size=&#8221;16px&#8221; button_two_border_width=&#8221;2px&#8221; button_two_border_color=&#8221;#ffffff&#8221; button_two_border_radius=&#8221;0&#8243; button_two_letter_spacing=&#8221;2&#8243; button_two_font=&#8221;Montserrat|||on|&#8221; button_two_use_icon=&#8221;off&#8221; module_alignment=&#8221;center&#8221; custom_padding=&#8221;0vw||0vw||true|false&#8221; animation_style=&#8221;fade&#8221; button_one_text_color_hover=&#8221;#6eba01&#8243; button_two_text_color_hover=&#8221;#6eba01&#8243; button_one_border_color_hover=&#8221;#ffffff&#8221; button_two_border_color_hover=&#8221;#ffffff&#8221; button_one_border_radius_hover=&#8221;0&#8243; button_two_border_radius_hover=&#8221;0&#8243; button_one_letter_spacing_hover=&#8221;2&#8243; button_two_letter_spacing_hover=&#8221;2&#8243; button_one_bg_color_hover=&#8221;#ffffff&#8221; button_two_bg_color_hover=&#8221;#ffffff&#8221; global_colors_info=&#8221;{}&#8221; button_one_text_size__hover_enabled=&#8221;off&#8221; button_two_text_size__hover_enabled=&#8221;off&#8221; button_one_text_color__hover_enabled=&#8221;on&#8221; button_one_text_color__hover=&#8221;#6eba01&#8243; button_two_text_color__hover_enabled=&#8221;on&#8221; button_two_text_color__hover=&#8221;#6eba01&#8243; button_one_border_width__hover_enabled=&#8221;off&#8221; button_two_border_width__hover_enabled=&#8221;off&#8221; button_one_border_color__hover_enabled=&#8221;on&#8221; button_one_border_color__hover=&#8221;#ffffff&#8221; button_two_border_color__hover_enabled=&#8221;on&#8221; button_two_border_color__hover=&#8221;#ffffff&#8221; button_one_border_radius__hover_enabled=&#8221;on&#8221; button_one_border_radius__hover=&#8221;0&#8243; button_two_border_radius__hover_enabled=&#8221;on&#8221; button_two_border_radius__hover=&#8221;0&#8243; button_one_letter_spacing__hover_enabled=&#8221;on&#8221; button_one_letter_spacing__hover=&#8221;2&#8243; button_two_letter_spacing__hover_enabled=&#8221;on&#8221; button_two_letter_spacing__hover=&#8221;2&#8243; button_one_bg_color__hover_enabled=&#8221;on&#8221; button_one_bg_color__hover=&#8221;#ffffff&#8221; button_two_bg_color__hover_enabled=&#8221;on&#8221; button_two_bg_color__hover=&#8221;#ffffff&#8221;]<\/p>\n<p>&nbsp;<\/p>\n<p>&nbsp;<\/p>\n<p>[\/et_pb_fullwidth_header][\/et_pb_section][et_pb_section fb_built=&#8221;1&#8243; _builder_version=&#8221;4.16&#8243; global_colors_info=&#8221;{}&#8221;][et_pb_row column_structure=&#8221;2_5,3_5&#8243; _builder_version=&#8221;4.27.4&#8243; _module_preset=&#8221;default&#8221; global_colors_info=&#8221;{}&#8221;][et_pb_column type=&#8221;2_5&#8243; _builder_version=&#8221;4.27.4&#8243; _module_preset=&#8221;default&#8221; global_colors_info=&#8221;{}&#8221;][et_pb_image src=&#8221;https:\/\/losangeles.udec.cl\/wp-content\/uploads\/2026\/01\/Comunicaciones-y-Diseno-1.jpg&#8221; alt=&#8221;Comunicaci\u00f3n y Dise\u00f1o&#8221; title_text=&#8221;Comunicaciones y Dise\u00f1o 1&#8243; _builder_version=&#8221;4.27.5&#8243; _module_preset=&#8221;default&#8221; border_radii=&#8221;on|20px|20px|20px|20px&#8221; global_colors_info=&#8221;{}&#8221;][\/et_pb_image][\/et_pb_column][et_pb_column type=&#8221;3_5&#8243; _builder_version=&#8221;4.27.4&#8243; _module_preset=&#8221;default&#8221; global_colors_info=&#8221;{}&#8221;][et_pb_heading title=&#8221;Unidad: Comunicaciones y Dise\u00f1o&#8221; _builder_version=&#8221;4.27.5&#8243; _module_preset=&#8221;8f9ef2fe-68bd-4edf-ad9f-df13208ba554&#8243; title_level=&#8221;h3&#8243; title_font=&#8221;&#8211;et_global_heading_font||||||||&#8221; title_font_size=&#8221;38px&#8221; custom_margin=&#8221;||19px|||&#8221; global_colors_info=&#8221;{}&#8221;][\/et_pb_heading][et_pb_text quote_border_color=&#8221;#0047ff&#8221; _builder_version=&#8221;4.27.4&#8243; _module_preset=&#8221;c0223b1b-8f72-46a5-82e9-87fb4f9ec015&#8243; text_font=&#8221;&#8211;et_global_body_font||||||||&#8221; link_text_color=&#8221;#0047ff&#8221; quote_text_color=&#8221;#0047ff&#8221; width=&#8221;99.2%&#8221; global_colors_info=&#8221;{}&#8221;]<\/p>\n<p><strong>La Unidad de Comunicaciones y Dise\u00f1o del Campus Los \u00c1ngeles<\/strong> desarrolla las actividades comunicacionales y de relaciones p\u00fablicas que fortalecen el v\u00ednculo entre la comunidad universitaria y el medio local.<\/p>\n<p>Su labor principal es<strong> crear y mantener recursos gr\u00e1ficos y comunicacionales<\/strong> que permitan difundir las actividades del Campus, en conformidad con las directrices de la<strong> Direcci\u00f3n de Comunicaciones de la Universidad de Concepci\u00f3n<\/strong>.<\/p>\n<p>Tambi\u00e9n le corresponde apoyar la difusi\u00f3n del quehacer acad\u00e9mico en investigaci\u00f3n, extensi\u00f3n, vinculaci\u00f3n y promoci\u00f3n de carreras.<\/p>\n<p>[\/et_pb_text][\/et_pb_column][\/et_pb_row][et_pb_row _builder_version=&#8221;4.27.5&#8243; _module_preset=&#8221;default&#8221; custom_padding=&#8221;||0px||false|false&#8221; hover_enabled=&#8221;0&#8243; global_colors_info=&#8221;{}&#8221; sticky_enabled=&#8221;0&#8243;][et_pb_column type=&#8221;4_4&#8243; _builder_version=&#8221;4.27.4&#8243; _module_preset=&#8221;default&#8221; global_colors_info=&#8221;{}&#8221;][et_pb_toggle title=&#8221;\u00c1mbitos de Acci\u00f3n &#8221; icon_color=&#8221;#E09900&#8243; toggle_icon=&#8221;&#x4c;||divi||400&#8243; use_icon_font_size=&#8221;on&#8221; icon_font_size=&#8221;22px&#8221; open_use_icon_font_size=&#8221;on&#8221; open_icon_font_size=&#8221;22px&#8221; _builder_version=&#8221;4.27.4&#8243; _module_preset=&#8221;default&#8221; title_text_color=&#8221;#0C71C3&#8243; title_level=&#8221;h3&#8243; title_font=&#8221;|600|||||||&#8221; body_font_size=&#8221;16px&#8221; animation_style=&#8221;bounce&#8221; title_font_size_tablet=&#8221;&#8221; title_font_size_phone=&#8221;14px&#8221; title_font_size_last_edited=&#8221;on|phone&#8221; border_radii=&#8221;on|20px|20px|20px|20px&#8221; global_colors_info=&#8221;{}&#8221;]<\/p>\n<h4><strong>Relaciones institucionales<\/strong><\/h4>\n<ul>\n<li>Fortalecer los v\u00ednculos entre la comunidad universitaria y el medio externo.<\/li>\n<li>Asegurar la coherencia de los contenidos con los objetivos y pol\u00edticas institucionales.<\/li>\n<\/ul>\n<h4><strong>Producci\u00f3n de contenidos<\/strong><\/h4>\n<ul>\n<li>Generar noticias, reportajes y comunicados de prensa.<\/li>\n<li>Difundir informaci\u00f3n relevante hacia la comunidad universitaria y el p\u00fablico externo.<\/li>\n<\/ul>\n<h4><strong>Comunicaci\u00f3n digital<\/strong><\/h4>\n<ul>\n<li>Gestionar y mantener redes sociales y medios corporativos.<\/li>\n<li>Desarrollar estrategias digitales que potencien la participaci\u00f3n y visibilidad del Campus.<\/li>\n<\/ul>\n<h4><strong>Difusi\u00f3n acad\u00e9mica y extensi\u00f3n<\/strong><\/h4>\n<ul>\n<li>Apoyar actividades de vinculaci\u00f3n, capacitaci\u00f3n y extensi\u00f3n mediante dise\u00f1o y difusi\u00f3n de materiales.<\/li>\n<li>Utilizar medios de comunicaci\u00f3n internos y externos para fortalecer el impacto de las iniciativas.<\/li>\n<\/ul>\n<h4><strong>Promoci\u00f3n de carreras<\/strong><\/h4>\n<ul>\n<li>Dise\u00f1ar y supervisar campa\u00f1as de captaci\u00f3n de estudiantes.<\/li>\n<li>Asesorar a las Escuelas en estrategias y planes de promoci\u00f3n de carreras y programas.<\/li>\n<\/ul>\n<h4><strong>Colaboraci\u00f3n institucional<\/strong><\/h4>\n<ul>\n<li>Apoyar a la Direcci\u00f3n General del Campus en la recopilaci\u00f3n de antecedentes para la Memoria de la Universidad.<\/li>\n<\/ul>\n<p>[\/et_pb_toggle][et_pb_toggle title=&#8221;Manuales y Lineamientos Comunicacionales&#8221; icon_color=&#8221;#E09900&#8243; toggle_icon=&#8221;&#x4c;||divi||400&#8243; use_icon_font_size=&#8221;on&#8221; icon_font_size=&#8221;22px&#8221; open_use_icon_font_size=&#8221;on&#8221; open_icon_font_size=&#8221;22px&#8221; _builder_version=&#8221;4.27.5&#8243; _module_preset=&#8221;default&#8221; title_text_color=&#8221;#0C71C3&#8243; title_level=&#8221;h3&#8243; title_font=&#8221;|600|||||||&#8221; body_font_size=&#8221;16px&#8221; animation_style=&#8221;bounce&#8221; title_font_size_tablet=&#8221;&#8221; title_font_size_phone=&#8221;14px&#8221; title_font_size_last_edited=&#8221;on|phone&#8221; border_radii=&#8221;on|20px|20px|20px|20px&#8221; global_colors_info=&#8221;{}&#8221; min_height=&#8221;44px&#8221;]<\/p>\n<h4><strong><span style=\"color: #e09900;\"><a href=\"https:\/\/losangeles.udec.cl\/wp-content\/uploads\/2026\/01\/Lineamientos-comunicacionales_LA.pdf\" rel=\"attachment wp-att-281170\" style=\"color: #e09900;\">Lineamientos-comunicacionales_LA &#8211; Descargar<\/a><\/span><\/strong><\/h4>\n<p><strong><a href=\"https:\/\/losangeles.udec.cl\/wp-content\/uploads\/2026\/01\/Manual-para-la-Comunicacion-Inclusiva-y-con-Perspectiva-de-Genero-Universidad-de-Concepcion.pdf\" rel=\"attachment wp-att-281171\">Manual-para-la-Comunicacion-Inclusiva-y-con-Perspectiva-de-Genero-Universidad-de-Concepcion &#8211; Descargar<\/a><\/strong><\/p>\n<p><strong><\/strong><\/p>\n<p>[\/et_pb_toggle][\/et_pb_column][\/et_pb_row][et_pb_row _builder_version=&#8221;4.27.5&#8243; _module_preset=&#8221;default&#8221; custom_padding=&#8221;||12px|||&#8221; global_colors_info=&#8221;{}&#8221;][et_pb_column type=&#8221;4_4&#8243; _builder_version=&#8221;4.27.5&#8243; _module_preset=&#8221;default&#8221; global_colors_info=&#8221;{}&#8221;][et_pb_button button_text=&#8221;Normas Gr\u00e1ficas &#8221; button_alignment=&#8221;center&#8221; _builder_version=&#8221;4.27.5&#8243; _module_preset=&#8221;default&#8221; button_text_size=&#8221;16px&#8221; button_border_radius=&#8221;24px&#8221; custom_margin=&#8221;-10px|||||&#8221; hover_enabled=&#8221;0&#8243; global_colors_info=&#8221;{}&#8221; button_url=&#8221;https:\/\/losangeles.udec.cl\/index.php\/normas-graficas\/&#8221; sticky_enabled=&#8221;0&#8243;][\/et_pb_button][\/et_pb_column][\/et_pb_row][et_pb_row _builder_version=&#8221;4.27.5&#8243; _module_preset=&#8221;default&#8221; custom_padding=&#8221;7px||14px|||&#8221; global_colors_info=&#8221;{}&#8221;][et_pb_column type=&#8221;4_4&#8243; _builder_version=&#8221;4.27.5&#8243; _module_preset=&#8221;default&#8221; global_colors_info=&#8221;{}&#8221;][et_pb_button button_url=&#8221;https:\/\/losangeles.udec.cl\/index.php\/admision-y-promocion\/&#8221; button_text=&#8221;Promoci\u00f3n de Carreras Campus Los \u00c1ngeles&#8221; button_alignment=&#8221;center&#8221; _builder_version=&#8221;4.27.5&#8243; _module_preset=&#8221;default&#8221; button_text_size=&#8221;16px&#8221; button_border_radius=&#8221;24px&#8221; global_colors_info=&#8221;{}&#8221;][\/et_pb_button][\/et_pb_column][\/et_pb_row][et_pb_row _builder_version=&#8221;4.27.4&#8243; _module_preset=&#8221;default&#8221; global_colors_info=&#8221;{}&#8221;][et_pb_column type=&#8221;4_4&#8243; _builder_version=&#8221;4.27.4&#8243; _module_preset=&#8221;default&#8221; global_colors_info=&#8221;{}&#8221;][et_pb_text _builder_version=&#8221;4.27.4&#8243; _module_preset=&#8221;default&#8221; header_3_text_color=&#8221;#000000&#8243; custom_margin=&#8221;0px|0px|0px|0px|false|false&#8221; custom_padding=&#8221;0px|0px|0px|0px|false|false&#8221; text_text_color_tablet=&#8221;&#8221; text_text_color_phone=&#8221;&#8221; text_text_color_last_edited=&#8221;on|phone&#8221; header_font_size_phone=&#8221;16px&#8221; header_3_font_tablet=&#8221;&#8221; header_3_font_phone=&#8221;&#8211;et_global_heading_font|600|||||||&#8221; header_3_font_last_edited=&#8221;on|phone&#8221; header_3_font_size_phone=&#8221;27px&#8221; global_colors_info=&#8221;{}&#8221;]<\/p>\n<h3 class=\"font-weight-bold text-uppercase text-personal-academico\" style=\"text-align: center;\">Conoce al personal<\/h3>\n<p>[\/et_pb_text][\/et_pb_column][\/et_pb_row][et_pb_row column_structure=&#8221;1_2,1_2&#8243; _builder_version=&#8221;4.27.4&#8243; _module_preset=&#8221;default&#8221; locked=&#8221;off&#8221; global_colors_info=&#8221;{}&#8221;][et_pb_column type=&#8221;1_2&#8243; _builder_version=&#8221;4.27.4&#8243; _module_preset=&#8221;default&#8221; global_colors_info=&#8221;{}&#8221;][ba_advanced_team photo=&#8221;https:\/\/losangeles.udec.cl\/wp-content\/uploads\/2026\/01\/jefa-comunicaciones.jpg&#8221; member_name=&#8221;Catherine Pincheira Baeza&#8221; job_title=&#8221;Jefa de Unidad &#8211; Periodista&#8221; short_bio=&#8221;Fono: +56 43 2 405134&#8243; email=&#8221;cpincheira@udec.cl&#8221; photo_width=&#8221;120px&#8221; photo_height=&#8221;120px&#8221; photo_alignment=&#8221;center&#8221; content_alignment=&#8221;center&#8221; social_icon_color=&#8221;#ffffff&#8221; links_bg=&#8221;#E09900&#8243; links_radius=&#8221;50px&#8221; overlay_icon=&#8221;&#x70;||divi||400&#8243; overlay_icon_color=&#8221;#FFFFFF&#8221; overlay_icon_size=&#8221;50px&#8221; overlay_icon_opacity=&#8221;0.24&#8243; overlay_color=&#8221;#0C71C3&#8243; _builder_version=&#8221;4.27.5&#8243; _module_preset=&#8221;default&#8221; name_font=&#8221;|700|||||||&#8221; name_text_color=&#8221;#0C71C3&#8243; name_font_size=&#8221;1rem&#8221; animation_style=&#8221;bounce&#8221; border_radii_photo=&#8221;on|100px|100px|100px|100px&#8221; global_colors_info=&#8221;{}&#8221;][\/ba_advanced_team][ba_advanced_team photo=&#8221;https:\/\/losangeles.udec.cl\/wp-content\/uploads\/2026\/01\/valentina-balboa.jpg&#8221; member_name=&#8221;Valentina Balboa Torres&#8221; job_title=&#8221;Periodista&#8221; short_bio=&#8221;Fono: +56 43 2405274&#8243; email=&#8221;vbalboa@udec.cl&#8221; photo_width=&#8221;120px&#8221; photo_height=&#8221;120px&#8221; photo_alignment=&#8221;center&#8221; content_alignment=&#8221;center&#8221; social_icon_color=&#8221;#ffffff&#8221; links_bg=&#8221;#E09900&#8243; links_radius=&#8221;50px&#8221; overlay_icon=&#8221;&#x70;||divi||400&#8243; overlay_icon_color=&#8221;#FFFFFF&#8221; overlay_icon_size=&#8221;50px&#8221; overlay_icon_opacity=&#8221;0.24&#8243; overlay_color=&#8221;#0C71C3&#8243; _builder_version=&#8221;4.27.5&#8243; _module_preset=&#8221;default&#8221; name_font=&#8221;|700|||||||&#8221; name_text_color=&#8221;#0C71C3&#8243; name_font_size=&#8221;1rem&#8221; animation_style=&#8221;bounce&#8221; border_radii_photo=&#8221;on|100px|100px|100px|100px&#8221; global_colors_info=&#8221;{}&#8221;][\/ba_advanced_team][\/et_pb_column][et_pb_column type=&#8221;1_2&#8243; _builder_version=&#8221;4.27.4&#8243; _module_preset=&#8221;default&#8221; global_colors_info=&#8221;{}&#8221;][ba_advanced_team photo=&#8221;https:\/\/losangeles.udec.cl\/wp-content\/uploads\/2026\/01\/disenador.jpg&#8221; member_name=&#8221;Hanss Rivera Gutierrez&#8221; job_title=&#8221;Dise\u00f1ador Gr\u00e1fico&#8221; short_bio=&#8221;Fono: +56 43 2 405266&#8243; email=&#8221;hriverag@udec.cl&#8221; photo_width=&#8221;120px&#8221; photo_height=&#8221;120px&#8221; photo_alignment=&#8221;center&#8221; content_alignment=&#8221;center&#8221; social_icon_color=&#8221;#ffffff&#8221; links_bg=&#8221;#E09900&#8243; links_radius=&#8221;50px&#8221; overlay_icon=&#8221;&#x70;||divi||400&#8243; overlay_icon_color=&#8221;#FFFFFF&#8221; overlay_icon_size=&#8221;50px&#8221; overlay_icon_opacity=&#8221;0.24&#8243; overlay_color=&#8221;#0C71C3&#8243; _builder_version=&#8221;4.27.5&#8243; _module_preset=&#8221;default&#8221; name_font=&#8221;|700|||||||&#8221; name_text_color=&#8221;#0C71C3&#8243; name_font_size=&#8221;1rem&#8221; animation_style=&#8221;bounce&#8221; border_radii_photo=&#8221;on|100px|100px|100px|100px&#8221; global_colors_info=&#8221;{}&#8221;][\/ba_advanced_team][ba_advanced_team photo=&#8221;https:\/\/losangeles.udec.cl\/wp-content\/uploads\/2026\/01\/claudia-vergara.jpg&#8221; member_name=&#8221;Claudia Vergara Castillo&#8221; job_title=&#8221;Coordinadora Promoci\u00f3n y Difusi\u00f3n&#8221; short_bio=&#8221;Fono: +56 43 2405140&#8243; email=&#8221;clauvergara@udec.cl&#8221; photo_width=&#8221;120px&#8221; photo_height=&#8221;120px&#8221; photo_alignment=&#8221;center&#8221; content_alignment=&#8221;center&#8221; social_icon_color=&#8221;#ffffff&#8221; links_bg=&#8221;#E09900&#8243; links_radius=&#8221;50px&#8221; overlay_icon=&#8221;&#x70;||divi||400&#8243; overlay_icon_color=&#8221;#FFFFFF&#8221; overlay_icon_size=&#8221;50px&#8221; overlay_icon_opacity=&#8221;0.24&#8243; overlay_color=&#8221;#0C71C3&#8243; _builder_version=&#8221;4.27.5&#8243; _module_preset=&#8221;default&#8221; name_font=&#8221;|700|||||||&#8221; name_text_color=&#8221;#0C71C3&#8243; name_font_size=&#8221;1rem&#8221; animation_style=&#8221;bounce&#8221; border_radii_photo=&#8221;on|100px|100px|100px|100px&#8221; global_colors_info=&#8221;{}&#8221;][\/ba_advanced_team][\/et_pb_column][\/et_pb_row][et_pb_row column_structure=&#8221;1_4,1_4,1_4,1_4&#8243; _builder_version=&#8221;4.27.5&#8243; _module_preset=&#8221;default&#8221; background_color=&#8221;rgba(199,213,237,0.55)&#8221; border_radii=&#8221;on|20px|20px|20px|20px&#8221; locked=&#8221;off&#8221; global_colors_info=&#8221;{}&#8221;][et_pb_column type=&#8221;1_4&#8243; _builder_version=&#8221;4.25.2&#8243; _module_preset=&#8221;default&#8221; global_colors_info=&#8221;{}&#8221;][et_pb_blurb title=&#8221;Vis\u00edtanos&#8221; use_icon=&#8221;on&#8221; font_icon=&#8221;&#xf3c5;||fa||900&#8243; icon_color=&#8221;#E09900&#8243; _builder_version=&#8221;4.27.4&#8243; _module_preset=&#8221;336f118a-5127-42e4-a3d9-e2cedd5a32b3&#8243; header_font=&#8221;Poppins||||||||&#8221; header_text_color=&#8221;#002e5a&#8221; body_font=&#8221;&#8211;et_global_body_font||||||||&#8221; body_text_color=&#8221;#002e5a&#8221; global_colors_info=&#8221;{%22gcid-d7cd5a78-aaef-4f36-82a3-4d3706015cba%22:%91%22link_text_color%22,%22link_text_color%22,%22link_text_color%22%93,%22gcid-1f1b4e15-7cc6-4e13-8154-74d77a956460%22:%91%22link_text_color%22,%22quote_text_color%22,%22quote_border_color%22,%22link_text_color%22,%22quote_text_color%22,%22quote_border_color%22%93}&#8221;]<\/p>\n<p><span>Juan Antonio Coloma #0201<br \/><\/span><span>Los \u00c1ngeles \/ Chile<\/span><\/p>\n<p>[\/et_pb_blurb][\/et_pb_column][et_pb_column type=&#8221;1_4&#8243; _builder_version=&#8221;4.25.2&#8243; _module_preset=&#8221;default&#8221; global_colors_info=&#8221;{}&#8221;][et_pb_blurb title=&#8221;Fono&#8221; use_icon=&#8221;on&#8221; font_icon=&#8221;&#xe090;||divi||400&#8243; icon_color=&#8221;#002e5a&#8221; _builder_version=&#8221;4.27.5&#8243; _module_preset=&#8221;336f118a-5127-42e4-a3d9-e2cedd5a32b3&#8243; header_font=&#8221;&#8211;et_global_body_font||||||||&#8221; header_text_color=&#8221;#002e5a&#8221; body_text_color=&#8221;#002e5a&#8221; locked=&#8221;off&#8221; global_colors_info=&#8221;{%22gcid-d7cd5a78-aaef-4f36-82a3-4d3706015cba%22:%91%22link_text_color%22,%22link_text_color%22,%22link_text_color%22%93,%22gcid-1f1b4e15-7cc6-4e13-8154-74d77a956460%22:%91%22link_text_color%22,%22quote_text_color%22,%22quote_border_color%22,%22link_text_color%22,%22quote_text_color%22,%22quote_border_color%22%93}&#8221;]<\/p>\n<p><a href=\"+56%2043 2 405274\" target=\"_blank\" rel=\"noopener\"><span data-contrast=\"none\" xml:lang=\"ES-CL\" lang=\"ES-CL\" class=\"TextRun SCXW151990814 BCX0\"><span class=\"NormalTextRun SCXW151990814 BCX0\">+56 43 2 405274<\/span><\/span><\/a><\/p>\n<p>[\/et_pb_blurb][\/et_pb_column][et_pb_column type=&#8221;1_4&#8243; _builder_version=&#8221;4.25.2&#8243; _module_preset=&#8221;default&#8221; global_colors_info=&#8221;{}&#8221;][et_pb_blurb title=&#8221;Email&#8221; use_icon=&#8221;on&#8221; font_icon=&#8221;&#xe076;||divi||400&#8243; icon_color=&#8221;gcid-4c79ba3d-a281-4fb6-9b14-02f9a4c793f2&#8243; _builder_version=&#8221;4.27.5&#8243; _module_preset=&#8221;336f118a-5127-42e4-a3d9-e2cedd5a32b3&#8243; header_text_color=&#8221;#002e5a&#8221; body_font=&#8221;&#8211;et_global_body_font||||||||&#8221; body_text_color=&#8221;#002e5a&#8221; body_link_font=&#8221;&#8211;et_global_body_font||||||||&#8221; body_link_text_color=&#8221;#002e5a&#8221; locked=&#8221;off&#8221; global_colors_info=&#8221;{%22gcid-d7cd5a78-aaef-4f36-82a3-4d3706015cba%22:%91%22link_text_color%22,%22link_text_color%22,%22link_text_color%22%93,%22gcid-1f1b4e15-7cc6-4e13-8154-74d77a956460%22:%91%22link_text_color%22,%22quote_text_color%22,%22quote_border_color%22,%22link_text_color%22,%22quote_text_color%22,%22quote_border_color%22%93,%22gcid-4c79ba3d-a281-4fb6-9b14-02f9a4c793f2%22:%91%22icon_color%22%93}&#8221;]<\/p>\n<p><span data-contrast=\"none\" xml:lang=\"ES-CL\" lang=\"ES-CL\" class=\"TextRun SCXW234057595 BCX0\"><span class=\"NormalTextRun SCXW234057595 BCX0\"><a href=\"mailto:comunicacionla@udec.cl\">comunicacionla@udec.cl<\/a><a href=\"mailto:comunicacionla@udec.cl%20\" target=\"_blank\" rel=\"noopener\"><\/a><\/span><\/span><a href=\"mailto:comunicacionla@udec.cl%20\" target=\"_blank\" rel=\"noopener\"><span class=\"EOP SCXW234057595 BCX0\" data-ccp-props=\"{}\"> <\/span><\/a><\/p>\n<p><a href=\"mailto:promocionla@udec.cl\"><span data-contrast=\"none\" xml:lang=\"ES-CL\" lang=\"ES-CL\" class=\"TextRun SCXW234057595 BCX0\"><span class=\"NormalTextRun SCXW234057595 BCX0\">promocionla@udec.cl<\/span><\/span><\/a><\/p>\n<p>[\/et_pb_blurb][\/et_pb_column][et_pb_column type=&#8221;1_4&#8243; _builder_version=&#8221;4.25.2&#8243; _module_preset=&#8221;default&#8221; global_colors_info=&#8221;{}&#8221;][et_pb_blurb title=&#8221;Horario&#8221; use_icon=&#8221;on&#8221; font_icon=&#8221;&#x7d;||divi||400&#8243; icon_color=&#8221;gcid-4c79ba3d-a281-4fb6-9b14-02f9a4c793f2&#8243; _builder_version=&#8221;4.27.4&#8243; _module_preset=&#8221;336f118a-5127-42e4-a3d9-e2cedd5a32b3&#8243; header_text_color=&#8221;#002e5a&#8221; body_font=&#8221;&#8211;et_global_body_font||||||||&#8221; body_text_color=&#8221;#002e5a&#8221; body_link_font=&#8221;&#8211;et_global_body_font||||||||&#8221; body_link_text_color=&#8221;#002e5a&#8221; locked=&#8221;off&#8221; global_colors_info=&#8221;{%22gcid-d7cd5a78-aaef-4f36-82a3-4d3706015cba%22:%91%22link_text_color%22,%22link_text_color%22,%22link_text_color%22%93,%22gcid-1f1b4e15-7cc6-4e13-8154-74d77a956460%22:%91%22link_text_color%22,%22quote_text_color%22,%22quote_border_color%22,%22link_text_color%22,%22quote_text_color%22,%22quote_border_color%22%93,%22gcid-4c79ba3d-a281-4fb6-9b14-02f9a4c793f2%22:%91%22icon_color%22%93}&#8221;]<\/p>\n<p>Lunes a Viernes<br \/>8:30 a 17:30.<\/p>\n<p>[\/et_pb_blurb][\/et_pb_column][\/et_pb_row][\/et_pb_section][et_pb_section fb_built=&#8221;1&#8243; _builder_version=&#8221;4.27.5&#8243; _module_preset=&#8221;f66a0dc0-0499-4e50-90c7-88d4028cdccb&#8221; background_image=&#8221;https:\/\/losangeles.udec.cl\/wp-content\/uploads\/2026\/01\/comunicacino4-scaled.jpg&#8221; parallax=&#8221;on&#8221; height=&#8221;300px&#8221; custom_margin=&#8221;0px|0px|0px|0px|false|false&#8221; background_last_edited=&#8221;on|desktop&#8221; locked=&#8221;off&#8221; background__hover_enabled=&#8221;off|desktop&#8221;][\/et_pb_section]<\/p>\n","protected":false},"excerpt":{"rendered":"<p>&nbsp; &nbsp;La Unidad de Comunicaciones y Dise\u00f1o del Campus Los \u00c1ngeles desarrolla las actividades comunicacionales y de relaciones p\u00fablicas que fortalecen el v\u00ednculo entre la comunidad universitaria y el medio [&hellip;]<\/p>\n","protected":false},"author":1,"featured_media":0,"parent":0,"menu_order":0,"comment_status":"closed","ping_status":"closed","template":"","meta":{"_et_pb_use_builder":"on","_et_pb_old_content":"","_et_gb_content_width":"","footnotes":""},"class_list":["post-280422","page","type-page","status-publish","hentry"],"_links":{"self":[{"href":"https:\/\/losangeles.udec.cl\/index.php\/wp-json\/wp\/v2\/pages\/280422","targetHints":{"allow":["GET"]}}],"collection":[{"href":"https:\/\/losangeles.udec.cl\/index.php\/wp-json\/wp\/v2\/pages"}],"about":[{"href":"https:\/\/losangeles.udec.cl\/index.php\/wp-json\/wp\/v2\/types\/page"}],"author":[{"embeddable":true,"href":"https:\/\/losangeles.udec.cl\/index.php\/wp-json\/wp\/v2\/users\/1"}],"replies":[{"embeddable":true,"href":"https:\/\/losangeles.udec.cl\/index.php\/wp-json\/wp\/v2\/comments?post=280422"}],"version-history":[{"count":19,"href":"https:\/\/losangeles.udec.cl\/index.php\/wp-json\/wp\/v2\/pages\/280422\/revisions"}],"predecessor-version":[{"id":281932,"href":"https:\/\/losangeles.udec.cl\/index.php\/wp-json\/wp\/v2\/pages\/280422\/revisions\/281932"}],"wp:attachment":[{"href":"https:\/\/losangeles.udec.cl\/index.php\/wp-json\/wp\/v2\/media?parent=280422"}],"curies":[{"name":"wp","href":"https:\/\/api.w.org\/{rel}","templated":true}]}}